{"id":537,"date":"2016-08-01T16:37:40","date_gmt":"2016-08-01T14:37:40","guid":{"rendered":"http:\/\/www.iblnetwork.it\/english\/?page_id=537"},"modified":"2016-09-05T17:51:08","modified_gmt":"2016-09-05T15:51:08","slug":"employment-law-lawyer-milan","status":"publish","type":"page","link":"http:\/\/www.iblnetwork.it\/english\/employment-law-lawyer-milan\/","title":{"rendered":"Labor Law Firm Italy"},"content":{"rendered":"[et_pb_section admin_label=&#8221;section&#8221;][et_pb_row admin_label=&#8221;row&#8221;][et_pb_column type=&#8221;4_4&#8243;][et_pb_text admin_label=&#8221;Text&#8221; background_layout=&#8221;light&#8221; text_orientation=&#8221;left&#8221; use_border_color=&#8221;off&#8221; border_color=&#8221;#ffffff&#8221; border_style=&#8221;solid&#8221;]\n<p><strong><span style=\"font-size: 18pt; color: #99cc00;\">Employment and Labor Law\u00a0<\/span><\/strong><\/p>\n<p style=\"text-align: justify;\">Labor Law Firm Italy &#8211; IBL Network has a qualified group of lawyers with excellent know-how and significant experience in the field of Employment law. Our lawyers expert in employment law have gained strong experience working alongside private enterprises, large companies and multinationals.<\/p>\n<p style=\"text-align: justify;\"><strong><span style=\"color: #a0bf02; font-size: x-large;\">Legal activity in detail <\/span><\/strong><\/p>\n<p style=\"text-align: justify;\">The labor\u00a0law lawyer provides assistance and consultancy to Italian and foreign companies, in every stage of the employment relationship:<br \/>\n\u2022 in the contracting phase, with the drafting of letters of recruitment and employment contracts for managers, executives, employees, consultants and collaborators, with the possible inclusion of non-competition and loyalty clauses for high level professionals or other special clauses;<br \/>\n\u2022 in the implementation phase of the relationship, with the preparation of letters of transfer, changes of duties, secondment &#8211; even abroad &#8211; of personnel, payment of bonuses and\/or allowances over basic pay, etc., drafting of company regulations; as well as, finally, the conclusive phase of the relationship, preparing letters of dismissal or termination and\/or any mutual termination agreements of the working or professional relationship.<br \/>\nIn particular, the advice on employment law is offered both in relation to subordinate employments contract and with reference to any other employment or professional relationships, such as contracts with managers, fixed-term contracts, coordinated and continuous collaboration contracts, consultancy contracts and contracts for professional work, etc.<br \/>\nAgain in the extrajudicial field, the activity of assistance and consultancy also relates to the management of staff redundancies, mobility procedures and collective dismissals, company transfers and, in general, reorganisation and restructuring processes.<\/p>\n<p style=\"text-align: justify;\"><strong><span style=\"color: #a0bf02; font-size: x-large;\">Extrajudicial activity: dispute resolution <\/span><\/strong><\/p>\n<p style=\"text-align: justify;\">Extrajudicial activity: dispute resolution<\/p>\n<p style=\"text-align: justify;\"><span style=\"font-size: 18pt;\"><strong><span style=\"color: #99cc00;\">Trade Union Law<\/span><\/strong><\/span><\/p>\n<p style=\"text-align: justify;\">In the field of trade union law, the support offered by the employment law lawyer extends to the negotiation and\/or drafting of collective company contracts or trade union agreements, to the participation in consultation and information procedures and the respective trade union negotiations, to the management of relationships with trade union representatives in company transfer and restructuring procedures.<br \/>\nThe consultancy activity offered by our network in the field of employment law also relates to agency relationships and to every connected issue.<br \/>\nIn the litigation phase, the support is provided in every stage of justice and before the Judicial Bodies of the whole national territory.<br \/>\nThe Employment Law lawyer of Milan also provides activity in the field of litigation on social security and insurance matters, dealing with the preparation of administrative appeals, challenges of administrative penalties and assistance in the respective litigation and provides support in the case of inspection audits and relationships with Entities and Institutions.<\/p>\n<p style=\"text-align: justify;\"><strong><span style=\"color: #99cc00; font-size: 18pt;\">Labor Law Firm Italy: the <a style=\"color: #99cc00;\" href=\"http:\/\/www.iblnetwork.it\/english\/2016\/07\/29\/paola-cilento\/\">CVs of IBL Network&#8217;s professionals <\/a><\/span><\/strong><\/p>\n[\/et_pb_text][\/et_pb_column][\/et_pb_row][\/et_pb_section]\n","protected":false},"excerpt":{"rendered":"<p>Employment and Labor Law\u00a0 Labor Law Firm Italy &#8211; IBL Network has a qualified group of lawyers with excellent know-how and significant experience in the field of Employment law. Our lawyers expert in employment law have gained strong experience working alongside private enterprises, large companies and multinationals. Legal activity in detail The labor\u00a0law lawyer provides [&hellip;]<\/p>\n","protected":false},"author":1,"featured_media":0,"parent":0,"menu_order":0,"comment_status":"closed","ping_status":"closed","template":"","meta":{"_et_pb_use_builder":"on","_et_pb_old_content":"<strong><span style=\"font-size: 18pt; color: #99cc00;\">Avvocato Diritto del Lavoro<\/span><\/strong>\r\n<p style=\"text-align: justify;\"><span style=\"font-size: 10pt;\">IBL Network dispone di un gruppo qualificato di avvocati con un know how d'eccellenza e una distintiva esperienza nel settore del <a href=\"https:\/\/it.wikipedia.org\/wiki\/Diritto_del_lavoro\">Diritto del lavoro<\/a>.\u00a0I nostri avvocati esperti in diritto del lavoro hanno maturato una forte esperienza lavorando a fianco di imprese private, grandi aziende e multinazionali.<\/span><\/p>\r\n<p style=\"text-align: justify;\"><strong><span style=\"color: #a0bf02; font-size: x-large;\">L'attivit\u00e0 legale nel dettaglio\u00a0<\/span><\/strong><\/p>\r\n<p style=\"text-align: justify;\"><span style=\"font-size: 10pt;\">L'avvocato in diritto del lavoro presta assistenza e consulenza alle aziende, italiane e straniere, in ogni fase del rapporto di lavoro:<\/span><\/p>\r\n\r\n<ul>\r\n \t<li style=\"text-align: justify;\"><span style=\"font-size: 10pt;\">nella <strong>fase negoziale<\/strong>, con redazione di lettere di assunzione e contratti di lavoro per dirigenti, quadri, impiegati, consulenti e collaboratori, con eventuale previsione di patti di non concorrenza e patti di fedelt\u00e0 per figure professionali di alto livello o di altre clausole particolari;<\/span><\/li>\r\n \t<li style=\"text-align: justify;\"><span style=\"font-size: 10pt;\">nella <strong>fase di svolgimento del rapporto<\/strong>, con elaborazione di lettere di trasferimento, modifica mansioni, distacco - anche all\u2019estero - di personale, corresponsione bonus e\/o superminimi e premi ecc., stesura di regolamenti aziendali; nonch\u00e9, infine, nella fase conclusiva del rapporto, con redazione di lettere di licenziamento o di risoluzione e\/o di eventuali accordi di risoluzione consensuale del rapporto lavorativo o professionale.<\/span><\/li>\r\n<\/ul>\r\n<span style=\"font-size: 10pt;\">In particolare, la consulenza in ambito giuslavoristico\u00a0\u00e8 offerta sia in relazione al contratto di lavoro subordinato, che con riferimento ad ogni ulteriore rapporto di lavoro o professionale, quali contratti con dirigenti, contratti a termine e di apprendistato, contratti di collaborazione coordinata e continuativa, contratti di consulenza e d'opera professionale, ecc.<\/span>\r\n<span style=\"font-size: 10pt;\"> Sempre in ambito stragiudiziale, l\u2019attivit\u00e0 di assistenza e consulenza riguarda anche la gestione degli esuberi di personale, le procedure di mobilit\u00e0 e i licenziamenti collettivi, i trasferimenti d\u2019azienda e, in genere, i processi di riorganizzazione e ristrutturazione.<\/span>\r\n<p style=\"text-align: justify;\"><strong><span style=\"color: #a0bf02; font-size: x-large;\">Attivit\u00e0 stragiudiziale: risoluzione delle vertenze\u00a0<\/span><\/strong><\/p>\r\n<p style=\"text-align: justify;\"><span style=\"font-size: 10pt;\">L\u2019attivit\u00e0 stragiudiziale \u00e8 infine volta a definire e <strong>risolvere vertenze<\/strong> insorte o che potrebbero insorgere tra il datore di lavoro e il lavoratore in merito a qualsivoglia questione, fra cui, a titolo esemplificativo:<\/span><\/p>\r\n<p style=\"text-align: justify;\"><span style=\"font-size: 10pt;\">\u2022 impugnazione licenziamento e trasferimento<\/span>\r\n<span style=\"font-size: 10pt;\"> \u2022 richiesta di riconoscimento rapporto di lavoro subordinato<\/span>\r\n<span style=\"font-size: 10pt;\"> \u2022 richiesta di riconoscimento differenze retributive per livello e\/o mansioni,<\/span>\r\n<span style=\"font-size: 10pt;\"> \u2022 richiesta di risarcimento del danno da demansionamento e\/o dequalificazione<\/span>\r\n<span style=\"font-size: 10pt;\"> \u2022 richiesta di risarcimento del danno da mobbing<\/span>\r\n<span style=\"font-size: 10pt;\"> \u2022 richiesta di riconoscimento qualifica dirigenziale<\/span><\/p>\r\n<p style=\"text-align: justify;\"><strong><span style=\"color: #a0bf02; font-size: x-large;\">Diritto sindacale\u00a0<\/span><\/strong><\/p>\r\n<p style=\"text-align: justify;\"><span style=\"font-size: 10pt;\">Nel campo del diritto sindacale, il supporto offerto dall' avvocato in diritto del lavoro si estende alla negoziazione e\/o redazione di contratti collettivi aziendali o accordi sindacali, alla partecipazione a procedure di consultazione e informazione e alle relative trattative sindacali, alla gestione dei rapporti con i sindacati nelle procedure di trasferimento d\u2019azienda e di ristrutturazione.<\/span>\r\n<span style=\"font-size: 10pt;\"> L\u2019attivit\u00e0 di consulenza offerta dal nostro network in ambito giuslavoristico \u00e8 altres\u00ec relativa ai rapporti di agenzia e ad ogni connessa problematica.<\/span>\r\n<span style=\"font-size: 10pt;\"> Nella fase del contenzioso, l\u2019assistenza viene fornita in ogni grado di giudizio ed innanzi agli Organi Giudiziari di tutto il territorio nazionale.<\/span>\r\n<span style=\"font-size: 10pt;\"> L'avvocato Diritto del Lavoro Milano\u00a0presta, inoltre, la propria attivit\u00e0 nel campo del contenzioso in materia previdenziale ed assicurativa, occupandosi della predisposizione di ricorsi amministrativi, impugnazioni di sanzioni amministrative e assistenza nel relativo contenzioso, assistenza in caso di verifica ispettiva e rapporti con Enti ed Istituti.<\/span><\/p>\r\n<p style=\"text-align: justify;\"><span style=\"color: #99cc00;\"><strong><span style=\"font-size: 14pt;\">Lawyer in Employment Law:<span style=\"color: #99cc00;\"><a style=\"color: #99cc00;\" href=\"http:\/\/www.iblnetwork.it\/paola-cilento\/\">\u00a0IBL Network<\/a>\u00a0professionals CV<\/span><\/span><\/strong><\/span><\/p>","_et_gb_content_width":"","footnotes":"","_links_to":"","_links_to_target":""},"yst_prominent_words":[],"class_list":["post-537","page","type-page","status-publish","hentry"],"_links":{"self":[{"href":"http:\/\/www.iblnetwork.it\/english\/wp-json\/wp\/v2\/pages\/537","targetHints":{"allow":["GET"]}}],"collection":[{"href":"http:\/\/www.iblnetwork.it\/english\/wp-json\/wp\/v2\/pages"}],"about":[{"href":"http:\/\/www.iblnetwork.it\/english\/wp-json\/wp\/v2\/types\/page"}],"author":[{"embeddable":true,"href":"http:\/\/www.iblnetwork.it\/english\/wp-json\/wp\/v2\/users\/1"}],"replies":[{"embeddable":true,"href":"http:\/\/www.iblnetwork.it\/english\/wp-json\/wp\/v2\/comments?post=537"}],"version-history":[{"count":9,"href":"http:\/\/www.iblnetwork.it\/english\/wp-json\/wp\/v2\/pages\/537\/revisions"}],"predecessor-version":[{"id":733,"href":"http:\/\/www.iblnetwork.it\/english\/wp-json\/wp\/v2\/pages\/537\/revisions\/733"}],"wp:attachment":[{"href":"http:\/\/www.iblnetwork.it\/english\/wp-json\/wp\/v2\/media?parent=537"}],"wp:term":[{"taxonomy":"yst_prominent_words","embeddable":true,"href":"http:\/\/www.iblnetwork.it\/english\/wp-json\/wp\/v2\/yst_prominent_words?post=537"}],"curies":[{"name":"wp","href":"https:\/\/api.w.org\/{rel}","templated":true}]}}